{"id":209,"date":"2025-04-10T21:35:14","date_gmt":"2025-04-10T21:35:14","guid":{"rendered":"https:\/\/pixelpocketstudio.com\/?page_id=209"},"modified":"2025-06-28T05:40:13","modified_gmt":"2025-06-28T05:40:13","slug":"3d-character-environment","status":"publish","type":"page","link":"https:\/\/pixelpocketstudio.com\/fr\/3d-character-environment\/","title":{"rendered":"Personnage et environnement 3D"},"content":{"rendered":"[et_pb_section fb_built=&#8221;1&#8243; fullwidth=&#8221;on&#8221; _builder_version=&#8221;4.27.4&#8243; _module_preset=&#8221;default&#8221; global_colors_info=&#8221;{}&#8221;][et_pb_fullwidth_image src=&#8221;https:\/\/pixelpocketstudio.com\/wp-content\/uploads\/2025\/04\/Banner3dArt-3.png&#8221; title_text=&#8221;Banner3dArt&#8221; src_tablet=&#8221;https:\/\/pixelpocketstudio.com\/wp-content\/uploads\/2025\/04\/Banner3dArt.png&#8221; src_phone=&#8221;https:\/\/pixelpocketstudio.com\/wp-content\/uploads\/2025\/04\/Banner3dArt.png&#8221; src_last_edited=&#8221;on|phone&#8221; _builder_version=&#8221;4.27.4&#8243; _module_preset=&#8221;default&#8221; width=&#8221;100%&#8221; width_tablet=&#8221;100%&#8221; width_phone=&#8221;140%&#8221; width_last_edited=&#8221;on|desktop&#8221; custom_margin_tablet=&#8221;&#8221; custom_margin_phone=&#8221;30px||||false|false&#8221; custom_margin_last_edited=&#8221;on|tablet&#8221; hover_enabled=&#8221;0&#8243; global_colors_info=&#8221;{}&#8221; sticky_enabled=&#8221;0&#8243;][\/et_pb_fullwidth_image][\/et_pb_section][et_pb_section fb_built=&#8221;1&#8243; _builder_version=&#8221;4.27.4&#8243; _module_preset=&#8221;default&#8221; background_color=&#8221;#404040&#8243; custom_padding=&#8221;0px||||false|false&#8221; global_colors_info=&#8221;{}&#8221;][et_pb_row _builder_version=&#8221;4.27.4&#8243; _module_preset=&#8221;default&#8221; global_colors_info=&#8221;{}&#8221;][et_pb_column type=&#8221;4_4&#8243; _builder_version=&#8221;4.27.4&#8243; _module_preset=&#8221;default&#8221; global_colors_info=&#8221;{}&#8221;][et_pb_text _builder_version=&#8221;4.27.4&#8243; _module_preset=&#8221;default&#8221; text_font=&#8221;Arial||||||||&#8221; text_text_color=&#8221;#ff7213&#8243; text_font_size=&#8221;50px&#8221; custom_margin=&#8221;||||false|false&#8221; text_line_height_tablet=&#8221;1em&#8221; text_line_height_phone=&#8221;1em&#8221; text_line_height_last_edited=&#8221;on|phone&#8221; global_colors_info=&#8221;{}&#8221;]<p>Personnage et environnement 3D<\/p>[\/et_pb_text][et_pb_divider color=&#8221;#FFFFFF&#8221; _builder_version=&#8221;4.27.4&#8243; _module_preset=&#8221;default&#8221; custom_margin=&#8221;|||50px|false|false&#8221; global_colors_info=&#8221;{}&#8221;][\/et_pb_divider][\/et_pb_column][\/et_pb_row][et_pb_row column_structure=&#8221;2_5,3_5&#8243; _builder_version=&#8221;4.27.4&#8243; _module_preset=&#8221;default&#8221; global_colors_info=&#8221;{}&#8221;][et_pb_column type=&#8221;2_5&#8243; _builder_version=&#8221;4.27.4&#8243; _module_preset=&#8221;default&#8221; global_colors_info=&#8221;{}&#8221;][et_pb_image src=&#8221;https:\/\/pixelpocketstudio.com\/wp-content\/uploads\/2025\/04\/ServiceCharacter3D-1.png&#8221; title_text=&#8221;ServiceCharacter3D (1)&#8221; _builder_version=&#8221;4.27.4&#8243; _module_preset=&#8221;default&#8221; width=&#8221;100%&#8221; width_tablet=&#8221;50%&#8221; width_phone=&#8221;50%&#8221; width_last_edited=&#8221;on|desktop&#8221; module_alignment=&#8221;center&#8221; custom_margin=&#8221;-80px||||false|false&#8221; custom_padding=&#8221;||||false|false&#8221; module_alignment_tablet=&#8221;left&#8221; module_alignment_phone=&#8221;left&#8221; module_alignment_last_edited=&#8221;on|tablet&#8221; global_colors_info=&#8221;{}&#8221;][\/et_pb_image][\/et_pb_column][et_pb_column type=&#8221;3_5&#8243; _builder_version=&#8221;4.27.4&#8243; _module_preset=&#8221;default&#8221; global_colors_info=&#8221;{}&#8221;][et_pb_toggle title=&#8221;Characters&#8221; open_toggle_text_color=&#8221;#ff7213&#8243; closed_toggle_text_color=&#8221;#FFFFFF&#8221; use_icon_font_size=&#8221;on&#8221; open_use_icon_font_size=&#8221;on&#8221; module_id=&#8221;custom-toggle-icon&#8221; module_class=&#8221;custom-toggle-icon&#8221; _builder_version=&#8221;4.27.4&#8243; _module_preset=&#8221;default&#8221; title_text_color=&#8221;#ff7213&#8243; title_font=&#8221;Arial|700|||||||&#8221; title_font_size=&#8221;30px&#8221; closed_title_font_size=&#8221;30px&#8221; body_text_color=&#8221;#FFFFFF&#8221; body_font_size=&#8221;16px&#8221; background_color=&#8221;RGBA(255,255,255,0)&#8221; background_enable_image=&#8221;off&#8221; custom_padding=&#8221;|||0px|false|false&#8221; border_width_top=&#8221;0px&#8221; border_width_right=&#8221;0px&#8221; border_width_left=&#8221;0px&#8221; global_colors_info=&#8221;{}&#8221;]<p>Des croquis initiaux aux d\u00e9tails complexes, nous nous sp\u00e9cialisons dans la cr\u00e9ation de mod\u00e8les 3D r\u00e9alistes, de dessins anim\u00e9s et stylis\u00e9s qui sont \u00e0 la fois captivants et immersifs, et cr\u00e9ent une exp\u00e9rience de jeu m\u00e9morable.<\/p>[\/et_pb_toggle][et_pb_toggle title=&#8221;Skins &#038; outfit&#8221; open_toggle_text_color=&#8221;#ff7213&#8243; closed_toggle_text_color=&#8221;#FFFFFF&#8221; use_icon_font_size=&#8221;on&#8221; open_use_icon_font_size=&#8221;on&#8221; module_id=&#8221;custom-toggle-icon&#8221; module_class=&#8221;custom-toggle-icon&#8221; _builder_version=&#8221;4.27.4&#8243; _module_preset=&#8221;default&#8221; title_text_color=&#8221;#ff7213&#8243; title_font=&#8221;Arial|700|||||||&#8221; title_font_size=&#8221;30px&#8221; closed_title_font_size=&#8221;30px&#8221; body_text_color=&#8221;#FFFFFF&#8221; body_font_size=&#8221;16px&#8221; background_color=&#8221;RGBA(255,255,255,0)&#8221; background_enable_image=&#8221;off&#8221; custom_padding=&#8221;|||0px|false|false&#8221; border_width_top=&#8221;0px&#8221; border_width_right=&#8221;0px&#8221; border_width_left=&#8221;0px&#8221; global_colors_info=&#8221;{}&#8221;]<p><span style=\"font-weight: 400;\">Les joueurs doivent pouvoir comprendre l'histoire et la personnalit\u00e9 d'un personnage simplement en le regardant. Le design de leur skin et de leur tenue exprime leur culture et leur individualit\u00e9, les rendant plus proches du public. Nous cr\u00e9ons des designs de personnages uniques, du plus simple au plus d\u00e9taill\u00e9, en fonction du concept du projet, des exigences et du niveau de d\u00e9tail souhait\u00e9.<\/span><\/p>[\/et_pb_toggle][et_pb_toggle title=&#8221;Creatures&#8221; open_toggle_text_color=&#8221;#ff7213&#8243; closed_toggle_text_color=&#8221;#FFFFFF&#8221; use_icon_font_size=&#8221;on&#8221; open_use_icon_font_size=&#8221;on&#8221; module_id=&#8221;custom-toggle-icon&#8221; module_class=&#8221;custom-toggle-icon&#8221; _builder_version=&#8221;4.27.4&#8243; _module_preset=&#8221;default&#8221; title_text_color=&#8221;#ff7213&#8243; title_font=&#8221;Arial|700|||||||&#8221; title_font_size=&#8221;30px&#8221; closed_title_font_size=&#8221;30px&#8221; body_text_color=&#8221;#FFFFFF&#8221; body_font_size=&#8221;16px&#8221; background_color=&#8221;RGBA(255,255,255,0)&#8221; background_enable_image=&#8221;off&#8221; custom_padding=&#8221;|||0px|false|false&#8221; border_width_top=&#8221;0px&#8221; border_width_right=&#8221;0px&#8221; border_width_left=&#8221;0px&#8221; global_colors_info=&#8221;{}&#8221;]<p><span style=\"font-weight: 400;\">Tout comme les personnages humains, les cr\u00e9atures jouent un r\u00f4le essentiel pour susciter des \u00e9motions et rendre un jeu inoubliable. Qu'il s'agisse d'un animal mignon, d'un monstre terrifiant, d'un robot aga\u00e7ant, d'un fant\u00f4me \u00e9pouvantable, d'un zombie effrayant ou de tout autre \u00eatre imaginaire, nous donnons vie \u00e0 une large gamme de cr\u00e9atures, sous des formes r\u00e9alistes, stylis\u00e9es ou cartoonesques, pour enrichir votre exp\u00e9rience de jeu.<\/span><\/p>[\/et_pb_toggle][et_pb_toggle title=&#8221;Environment&#8221; open_toggle_text_color=&#8221;#ff7213&#8243; closed_toggle_text_color=&#8221;#FFFFFF&#8221; use_icon_font_size=&#8221;on&#8221; open_use_icon_font_size=&#8221;on&#8221; module_id=&#8221;custom-toggle-icon&#8221; module_class=&#8221;custom-toggle-icon&#8221; _builder_version=&#8221;4.27.4&#8243; _module_preset=&#8221;default&#8221; title_text_color=&#8221;#ff7213&#8243; title_font=&#8221;Arial|700|||||||&#8221; title_font_size=&#8221;30px&#8221; closed_title_font_size=&#8221;30px&#8221; body_text_color=&#8221;#FFFFFF&#8221; body_font_size=&#8221;16px&#8221; background_color=&#8221;RGBA(255,255,255,0)&#8221; background_enable_image=&#8221;off&#8221; custom_padding=&#8221;|||0px|false|false&#8221; border_width_top=&#8221;0px&#8221; border_width_right=&#8221;0px&#8221; border_width_left=&#8221;0px&#8221; global_colors_info=&#8221;{}&#8221;]<p><span style=\"font-weight: 400;\">Gr\u00e2ce \u00e0 notre expertise en conception architecturale, paysages naturels, composition, \u00e9clairage et accessoires, nous cr\u00e9ons des \u00e9l\u00e9ments r\u00e9alistes ou de style cartoon avec un niveau de d\u00e9tail exceptionnel. Notre travail respecte non seulement la vision artistique, mais r\u00e9pond \u00e9galement \u00e0 toutes les sp\u00e9cifications techniques et normes de qualit\u00e9.<\/span><\/p>[\/et_pb_toggle][et_pb_toggle title=&#8221;Hard surface&#8221; open_toggle_text_color=&#8221;#ff7213&#8243; closed_toggle_text_color=&#8221;#FFFFFF&#8221; use_icon_font_size=&#8221;on&#8221; open_use_icon_font_size=&#8221;on&#8221; module_id=&#8221;custom-toggle-icon&#8221; module_class=&#8221;custom-toggle-icon&#8221; _builder_version=&#8221;4.27.4&#8243; _module_preset=&#8221;default&#8221; title_text_color=&#8221;#ff7213&#8243; title_font=&#8221;Arial|700|||||||&#8221; title_font_size=&#8221;30px&#8221; closed_title_font_size=&#8221;30px&#8221; body_text_color=&#8221;#FFFFFF&#8221; body_font_size=&#8221;16px&#8221; background_color=&#8221;RGBA(255,255,255,0)&#8221; background_enable_image=&#8221;off&#8221; custom_padding=&#8221;|||0px|false|false&#8221; border_width_top=&#8221;0px&#8221; border_width_right=&#8221;0px&#8221; border_width_left=&#8221;0px&#8221; global_colors_info=&#8221;{}&#8221;]<p><span style=\"font-weight: 400;\">Notre \u00e9quipe cr\u00e9e toutes sortes de gadgets, d'armes, de v\u00e9hicules et d'\u00e9l\u00e9ments architecturaux attrayants pour mobiles, PC et consoles dans un style r\u00e9aliste, stylis\u00e9 ou cartoon .<\/span><span style=\"font-weight: 400;\">.<\/span><\/p>[\/et_pb_toggle][\/et_pb_column][\/et_pb_row][\/et_pb_section]","protected":false},"excerpt":{"rendered":"<p>3D character &amp; environmentFrom initial sketches to intricate detailing, we specialize in creating realistic, cartoon, and stylized 3D models that are both captivating and immersive, and create a memorable game experience.Players should be able understand about a character\u2019s background and personality just by looking at them. The design of their skin and outfit expresses culture, [&hellip;]<\/p>","protected":false},"author":2,"featured_media":0,"parent":0,"menu_order":0,"comment_status":"closed","ping_status":"closed","template":"","meta":{"_et_pb_use_builder":"on","_et_pb_old_content":"<!-- wp:divi\/placeholder \/-->","_et_gb_content_width":"","footnotes":""},"class_list":["post-209","page","type-page","status-publish","hentry"],"_links":{"self":[{"href":"https:\/\/pixelpocketstudio.com\/fr\/wp-json\/wp\/v2\/pages\/209","targetHints":{"allow":["GET"]}}],"collection":[{"href":"https:\/\/pixelpocketstudio.com\/fr\/wp-json\/wp\/v2\/pages"}],"about":[{"href":"https:\/\/pixelpocketstudio.com\/fr\/wp-json\/wp\/v2\/types\/page"}],"author":[{"embeddable":true,"href":"https:\/\/pixelpocketstudio.com\/fr\/wp-json\/wp\/v2\/users\/2"}],"replies":[{"embeddable":true,"href":"https:\/\/pixelpocketstudio.com\/fr\/wp-json\/wp\/v2\/comments?post=209"}],"version-history":[{"count":39,"href":"https:\/\/pixelpocketstudio.com\/fr\/wp-json\/wp\/v2\/pages\/209\/revisions"}],"predecessor-version":[{"id":1161,"href":"https:\/\/pixelpocketstudio.com\/fr\/wp-json\/wp\/v2\/pages\/209\/revisions\/1161"}],"wp:attachment":[{"href":"https:\/\/pixelpocketstudio.com\/fr\/wp-json\/wp\/v2\/media?parent=209"}],"curies":[{"name":"wp","href":"https:\/\/api.w.org\/{rel}","templated":true}]}}