{"id":207,"date":"2025-04-10T21:34:37","date_gmt":"2025-04-10T21:34:37","guid":{"rendered":"https:\/\/pixelpocketstudio.com\/?page_id=207"},"modified":"2026-04-30T14:44:08","modified_gmt":"2026-04-30T14:44:08","slug":"concept-art-2d","status":"publish","type":"page","link":"https:\/\/pixelpocketstudio.com\/fr\/concept-art-2d\/","title":{"rendered":"Concept art et 2D"},"content":{"rendered":"<p>[et_pb_section fb_built=&#8221;1&#8243; fullwidth=&#8221;on&#8221; _builder_version=&#8221;4.27.4&#8243; _module_preset=&#8221;default&#8221; global_colors_info=&#8221;{}&#8221;][et_pb_fullwidth_image src=&#8221;https:\/\/pixelpocketstudio.com\/wp-content\/uploads\/2025\/04\/ServicesBanner-1-1.png&#8221; title_text=&#8221;ServicesBanner&#8221; src_tablet=&#8221;https:\/\/pixelpocketstudio.com\/wp-content\/uploads\/2025\/04\/ServicesBanner-1.jpg&#8221; src_phone=&#8221;https:\/\/pixelpocketstudio.com\/wp-content\/uploads\/2025\/04\/ServicesBanner.webp&#8221; src_last_edited=&#8221;on|phone&#8221; _builder_version=&#8221;4.27.4&#8243; _module_preset=&#8221;default&#8221; width=&#8221;100%&#8221; width_tablet=&#8221;100%&#8221; width_phone=&#8221;140%&#8221; width_last_edited=&#8221;on|phone&#8221; custom_margin_tablet=&#8221;&#8221; custom_margin_phone=&#8221;30px||||false|false&#8221; custom_margin_last_edited=&#8221;on|phone&#8221; global_colors_info=&#8221;{}&#8221;][\/et_pb_fullwidth_image][\/et_pb_section][et_pb_section fb_built=&#8221;1&#8243; _builder_version=&#8221;4.27.4&#8243; _module_preset=&#8221;default&#8221; background_color=&#8221;#404040&#8243; custom_padding=&#8221;0px||||false|false&#8221; hover_enabled=&#8221;0&#8243; global_colors_info=&#8221;{}&#8221; sticky_enabled=&#8221;0&#8243;][et_pb_row _builder_version=&#8221;4.27.4&#8243; _module_preset=&#8221;default&#8221; global_colors_info=&#8221;{}&#8221;][et_pb_column type=&#8221;4_4&#8243; _builder_version=&#8221;4.27.4&#8243; _module_preset=&#8221;default&#8221; global_colors_info=&#8221;{}&#8221;][et_pb_text _builder_version=&#8221;4.27.4&#8243; _module_preset=&#8221;default&#8221; text_font=&#8221;Arial||||||||&#8221; text_text_color=&#8221;#ff7414&#8243; text_font_size=&#8221;50px&#8221; text_line_height_tablet=&#8221;&#8221; text_line_height_phone=&#8221;1em&#8221; text_line_height_last_edited=&#8221;on|phone&#8221; global_colors_info=&#8221;{}&#8221;]<\/p>\n<p>Concept art et 2D<\/p>\n<p>[\/et_pb_text][et_pb_divider color=&#8221;#FFFFFF&#8221; _builder_version=&#8221;4.27.4&#8243; _module_preset=&#8221;default&#8221; custom_margin=&#8221;|||50px|false|false&#8221; global_colors_info=&#8221;{}&#8221;][\/et_pb_divider][\/et_pb_column][\/et_pb_row][et_pb_row column_structure=&#8221;2_5,3_5&#8243; _builder_version=&#8221;4.27.4&#8243; _module_preset=&#8221;default&#8221; global_colors_info=&#8221;{}&#8221;][et_pb_column type=&#8221;2_5&#8243; _builder_version=&#8221;4.27.4&#8243; _module_preset=&#8221;default&#8221; global_colors_info=&#8221;{}&#8221;][et_pb_image src=&#8221;https:\/\/pixelpocketstudio.com\/wp-content\/uploads\/2025\/07\/ServiceCharacter_2D.png&#8221; title_text=&#8221;ServiceCharacter_2D&#8221; _builder_version=&#8221;4.27.4&#8243; _module_preset=&#8221;default&#8221; width=&#8221;100%&#8221; width_tablet=&#8221;50%&#8221; width_phone=&#8221;50%&#8221; width_last_edited=&#8221;on|desktop&#8221; module_alignment=&#8221;center&#8221; custom_margin=&#8221;-75px|||||&#8221; module_alignment_tablet=&#8221;left&#8221; module_alignment_phone=&#8221;left&#8221; module_alignment_last_edited=&#8221;on|tablet&#8221; global_colors_info=&#8221;{}&#8221;][\/et_pb_image][\/et_pb_column][et_pb_column type=&#8221;3_5&#8243; _builder_version=&#8221;4.27.4&#8243; _module_preset=&#8221;default&#8221; global_colors_info=&#8221;{}&#8221;][et_pb_toggle title=&#8221;Environment concept art&#8221; open_toggle_text_color=&#8221;#ff7213&#8243; closed_toggle_text_color=&#8221;#FFFFFF&#8221; use_icon_font_size=&#8221;on&#8221; open_use_icon_font_size=&#8221;on&#8221; module_id=&#8221;custom-toggle-icon&#8221; module_class=&#8221;custom-toggle-icon&#8221; _builder_version=&#8221;4.27.4&#8243; _module_preset=&#8221;default&#8221; title_text_color=&#8221;#ff7213&#8243; title_font=&#8221;Arial|700|||||||&#8221; title_font_size=&#8221;30px&#8221; closed_title_font_size=&#8221;30px&#8221; body_font=&#8221;Arial||||||||&#8221; body_text_color=&#8221;#FFFFFF&#8221; body_font_size=&#8221;16px&#8221; background_color=&#8221;RGBA(255,255,255,0)&#8221; background_enable_image=&#8221;off&#8221; custom_padding=&#8221;|||0px|false|false&#8221; border_width_top=&#8221;0px&#8221; border_width_right=&#8221;0px&#8221; border_width_left=&#8221;0px&#8221; global_colors_info=&#8221;{}&#8221;]<\/p>\n<p>Chez nous, nous sommes sp\u00e9cialis\u00e9s dans la cr\u00e9ation d'univers immersifs gr\u00e2ce \u00e0 des concepts artistiques environnementaux. Qu'il s'agisse des rues d\u00e9labr\u00e9es d'une ville post-apocalyptique, d'une nature sauvage et escarp\u00e9e, d'un paysage hivernal surr\u00e9aliste et onirique, de l'immensit\u00e9 de l'espace ou de tout autre d\u00e9cor unique, nous cr\u00e9ons l'environnement id\u00e9al pour votre r\u00e9cit. Des royaumes fantastiques \u00e0 la science-fiction futuriste, et des designs ultra-r\u00e9alistes aux designs audacieux et stylis\u00e9s, nos graphistes talentueux cr\u00e9ent des atmosph\u00e8res saisissantes qui capturent l'ambiance et l'essence de chaque lieu.<\/p>\n<ul style=\"list-style: none; padding-left: 1.2em; padding-top: 1.5em;\">\n<li style=\"position: relative; font-weight: bold; margin-bottom: 0.5em;\"><span style=\"position: absolute; left: -1.2em; color: #ff7213; font-weight: bold;\">\u2022<\/span>Environnement de niveau<\/li>\n<li style=\"position: relative; font-weight: bold; margin-bottom: 0.5em;\"><span style=\"position: absolute; left: -1.2em; color: #ff7213; font-weight: bold;\">\u2022<\/span>Accessoires<\/li>\n<li style=\"position: relative; font-weight: bold; margin-bottom: 0.5em;\"><span style=\"position: absolute; left: -1.2em; color: #ff7213; font-weight: bold;\">\u2022<\/span>Conception d'arme<\/li>\n<li style=\"position: relative; font-weight: bold; margin-bottom: 0.5em;\"><span style=\"position: absolute; left: -1.2em; color: #ff7213; font-weight: bold;\">\u2022<\/span>Conception de v\u00e9hicule<\/li>\n<\/ul>\n<p>[\/et_pb_toggle][et_pb_toggle title=&#8221;Character concept art&#8221; open_toggle_text_color=&#8221;#ff7213&#8243; closed_toggle_text_color=&#8221;#FFFFFF&#8221; use_icon_font_size=&#8221;on&#8221; open_use_icon_font_size=&#8221;on&#8221; module_id=&#8221;custom-toggle-icon&#8221; module_class=&#8221;custom-toggle-icon&#8221; _builder_version=&#8221;4.27.4&#8243; _module_preset=&#8221;default&#8221; title_text_color=&#8221;#ff7213&#8243; title_font=&#8221;Arial|700|||||||&#8221; title_font_size=&#8221;30px&#8221; closed_title_font_size=&#8221;30px&#8221; body_font=&#8221;Arial||||||||&#8221; body_text_color=&#8221;#FFFFFF&#8221; body_font_size=&#8221;16px&#8221; background_color=&#8221;RGBA(255,255,255,0)&#8221; background_enable_image=&#8221;off&#8221; custom_padding=&#8221;|||0px|false|false&#8221; border_width_top=&#8221;0px&#8221; border_width_right=&#8221;0px&#8221; border_width_left=&#8221;0px&#8221; global_colors_info=&#8221;{}&#8221;]<\/p>\n<p><span style=\"font-weight: 400;\">Nous cr\u00e9ons des personnages inoubliables qui touchent \u00e9motionnellement les joueurs. En explorant leurs personnalit\u00e9s, leurs motivations, leurs arcs narratifs potentiels et leurs capacit\u00e9s uniques, nous concevons des personnages vivants et int\u00e9gr\u00e9s \u00e0 leur monde. Plus important encore, nous nous plongeons dans leur histoire pour comprendre ce qui les a fa\u00e7onn\u00e9s et comment ils sont devenus ce qu'ils sont aujourd'hui.<\/span><span style=\"font-weight: 400;\"><br \/><\/span><\/p>\n<ul style=\"list-style: none; padding-left: 1.2em; padding-top: 1.5em;\">\n<li style=\"position: relative; font-weight: bold; margin-bottom: 0.5em;\"><span style=\"position: absolute; left: -1.2em; color: #ff7213; font-weight: bold;\">\u2022<\/span>Personnages<\/li>\n<li style=\"position: relative; font-weight: bold; margin-bottom: 0.5em;\"><span style=\"position: absolute; left: -1.2em; color: #ff7213; font-weight: bold;\">\u2022<\/span>Skin et tenue<\/li>\n<li style=\"position: relative; font-weight: bold; margin-bottom: 0.5em;\"><span style=\"position: absolute; left: -1.2em; color: #ff7213; font-weight: bold;\">\u2022<\/span>Cr\u00e9ature<\/li>\n<li style=\"position: relative; font-weight: bold; margin-bottom: 0.5em;\"><span style=\"position: absolute; left: -1.2em; color: #ff7213; font-weight: bold;\">\u2022<\/span>Mecha<\/li>\n<\/ul>\n<p>[\/et_pb_toggle][et_pb_toggle title=&#8221;Illustrative icons UI&#8221; open_toggle_text_color=&#8221;#ff7213&#8243; closed_toggle_text_color=&#8221;#FFFFFF&#8221; use_icon_font_size=&#8221;on&#8221; open_use_icon_font_size=&#8221;on&#8221; module_id=&#8221;custom-toggle-icon&#8221; module_class=&#8221;custom-toggle-icon&#8221; _builder_version=&#8221;4.27.4&#8243; _module_preset=&#8221;default&#8221; title_text_color=&#8221;#ff7213&#8243; title_font=&#8221;Arial|700|||||||&#8221; title_font_size=&#8221;30px&#8221; closed_title_font_size=&#8221;30px&#8221; body_font=&#8221;Arial||||||||&#8221; body_text_color=&#8221;#FFFFFF&#8221; body_font_size=&#8221;16px&#8221; background_color=&#8221;RGBA(255,255,255,0)&#8221; background_enable_image=&#8221;off&#8221; custom_padding=&#8221;|||0px|false|false&#8221; border_width_top=&#8221;0px&#8221; border_width_right=&#8221;0px&#8221; border_width_left=&#8221;0px&#8221; global_colors_info=&#8221;{}&#8221;]<\/p>\n<p><span style=\"font-weight: 400;\">Nous cr\u00e9ons des ic\u00f4nes d'interface utilisateur uniques, accrocheuses et tr\u00e8s d\u00e9taill\u00e9es qui mettent en valeur la personnalit\u00e9 et se d\u00e9marquent.<\/span><\/p>\n<ul style=\"list-style: none; padding-left: 1.2em; padding-top: 1.5em;\">\n<li style=\"position: relative; font-weight: bold; margin-bottom: 0.5em;\"><span style=\"font-weight: bold;\"><span style=\"position: absolute; left: -1.2em; color: #ff7213; font-weight: bold;\">\u2022<\/span>Stylis\u00e9 ou r\u00e9aliste<\/span><\/li>\n<li style=\"position: relative; font-weight: bold; margin-bottom: 0.5em;\"><\/li>\n<\/ul>\n<p>[\/et_pb_toggle][\/et_pb_column][\/et_pb_row][\/et_pb_section]<\/p>","protected":false},"excerpt":{"rendered":"<p>Concept art &amp; 2DAt our company, we specialize in bringing your story&#8217;s world to life through immersive environmental concept art. Whether it&#8217;s the decaying streets of a post-apocalyptic city, a rugged wilderness, a surreal, dreamlike winter landscape, the vastness of outer space, or any other unique setting, we craft the perfect environment for your narrative. [&hellip;]<\/p>","protected":false},"author":2,"featured_media":0,"parent":0,"menu_order":0,"comment_status":"closed","ping_status":"closed","template":"","meta":{"_et_pb_use_builder":"on","_et_pb_old_content":"<!-- wp:divi\/placeholder \/-->","_et_gb_content_width":"","footnotes":""},"class_list":["post-207","page","type-page","status-publish","hentry"],"_links":{"self":[{"href":"https:\/\/pixelpocketstudio.com\/fr\/wp-json\/wp\/v2\/pages\/207","targetHints":{"allow":["GET"]}}],"collection":[{"href":"https:\/\/pixelpocketstudio.com\/fr\/wp-json\/wp\/v2\/pages"}],"about":[{"href":"https:\/\/pixelpocketstudio.com\/fr\/wp-json\/wp\/v2\/types\/page"}],"author":[{"embeddable":true,"href":"https:\/\/pixelpocketstudio.com\/fr\/wp-json\/wp\/v2\/users\/2"}],"replies":[{"embeddable":true,"href":"https:\/\/pixelpocketstudio.com\/fr\/wp-json\/wp\/v2\/comments?post=207"}],"version-history":[{"count":49,"href":"https:\/\/pixelpocketstudio.com\/fr\/wp-json\/wp\/v2\/pages\/207\/revisions"}],"predecessor-version":[{"id":1236,"href":"https:\/\/pixelpocketstudio.com\/fr\/wp-json\/wp\/v2\/pages\/207\/revisions\/1236"}],"wp:attachment":[{"href":"https:\/\/pixelpocketstudio.com\/fr\/wp-json\/wp\/v2\/media?parent=207"}],"curies":[{"name":"wp","href":"https:\/\/api.w.org\/{rel}","templated":true}]}}