{"id":1066,"date":"2025-04-28T16:36:34","date_gmt":"2025-04-28T16:36:34","guid":{"rendered":"https:\/\/pixelpocketstudio.com\/?page_id=1066"},"modified":"2025-06-28T05:44:56","modified_gmt":"2025-06-28T05:44:56","slug":"terms-of-service","status":"publish","type":"page","link":"https:\/\/pixelpocketstudio.com\/fr\/terms-of-service\/","title":{"rendered":"Conditions d'utilisation"},"content":{"rendered":"[et_pb_section fb_built=&#8221;1&#8243; _builder_version=&#8221;4.27.4&#8243; _module_preset=&#8221;default&#8221; custom_padding=&#8221;100px||100px|||&#8221; global_colors_info=&#8221;{}&#8221;][et_pb_row _builder_version=&#8221;4.27.4&#8243; _module_preset=&#8221;default&#8221; global_colors_info=&#8221;{}&#8221;][et_pb_column type=&#8221;4_4&#8243; _builder_version=&#8221;4.27.4&#8243; _module_preset=&#8221;default&#8221; global_colors_info=&#8221;{}&#8221;][et_pb_text _builder_version=&#8221;4.27.4&#8243; _module_preset=&#8221;default&#8221; text_font=&#8221;Albert Sans||||||||&#8221; text_text_color=&#8221;#000000&#8243; text_font_size=&#8221;50px&#8221; text_line_height=&#8221;1.2em&#8221; custom_margin=&#8221;||70px|||&#8221; global_colors_info=&#8221;{}&#8221;]<div class=\"page\" title=\"Page 3\">\n<div class=\"section\">\n<div class=\"layoutArea\">\n<div class=\"column\">\n<p><span>Conditions d'utilisation<br \/><\/span><\/p>\n<\/div>\n<\/div>\n<\/div>\n<\/div>[\/et_pb_text][et_pb_text _builder_version=&#8221;4.27.4&#8243; _module_preset=&#8221;default&#8221; text_font=&#8221;||||||||&#8221; text_text_color=&#8221;#000000&#8243; text_font_size=&#8221;15px&#8221; global_colors_info=&#8221;{}&#8221;]<strong>Derni\u00e8re mise \u00e0 jour : 2024-04-01<\/strong><strong><\/strong>\n\nWelcome to the official website of Studio PixelPocket. By accessing or using our website, mobile games, or outsourcing services, you agree to be bound by the following Terms of Service. Please read them carefully.[\/et_pb_text][et_pb_text _builder_version=&#8221;4.27.4&#8243; _module_preset=&#8221;default&#8221; text_font=&#8221;Albert Sans||||||||&#8221; text_text_color=&#8221;#000000&#8243; text_font_size=&#8221;18px&#8221; hover_enabled=&#8221;0&#8243; global_colors_info=&#8221;{}&#8221; sticky_enabled=&#8221;0&#8243;]<div class=\"page\" title=\"Page 3\">\n<div class=\"section\">\n<div class=\"layoutArea\">\n<div class=\"column\">\n<p><span>1. \u00c0 propos de Studio PixelPocket<\/span><\/p>\n<\/div>\n<\/div>\n<\/div>\n<\/div>[\/et_pb_text][et_pb_text _builder_version=&#8221;4.27.4&#8243; _module_preset=&#8221;default&#8221; text_font=&#8221;||||||||&#8221; text_text_color=&#8221;#000000&#8243; text_font_size=&#8221;15px&#8221; global_colors_info=&#8221;{}&#8221;]<div class=\"page\" title=\"Page 3\">\n<div class=\"section\">\n<div class=\"layoutArea\">\n<div class=\"column\">\n\n<strong>Studio PixelPocket<\/strong> est une soci\u00e9t\u00e9 sp\u00e9cialis\u00e9e dans le d\u00e9veloppement de jeux mobiles et la fourniture de services d'outsourcing dans l'industrie du jeu vid\u00e9o (art, animation, d\u00e9veloppement, etc.).\n\n<\/div>\n<\/div>\n<\/div>\n<\/div>[\/et_pb_text][et_pb_text _builder_version=&#8221;4.27.4&#8243; _module_preset=&#8221;default&#8221; text_font=&#8221;Albert Sans||||||||&#8221; text_text_color=&#8221;#000000&#8243; text_font_size=&#8221;18px&#8221; hover_enabled=&#8221;0&#8243; global_colors_info=&#8221;{}&#8221; sticky_enabled=&#8221;0&#8243;]<div class=\"page\" title=\"Page 3\">\n<div class=\"section\">\n<div class=\"layoutArea\">\n<div class=\"column\">\n<p><span>2. Acceptation des conditions <\/span><\/p>\n<\/div>\n<\/div>\n<\/div>\n<\/div>[\/et_pb_text][et_pb_text _builder_version=&#8221;4.27.4&#8243; _module_preset=&#8221;default&#8221; text_font=&#8221;||||||||&#8221; text_text_color=&#8221;#000000&#8243; text_font_size=&#8221;15px&#8221; global_colors_info=&#8221;{}&#8221;]<div class=\"page\" title=\"Page 3\">\n<div class=\"section\">\n<div class=\"layoutArea\">\n<div class=\"column\">\n\nEn acc\u00e9dant \u00e0 notre site et \u00e0 nos services ou en les utilisant, vous acceptez pleinement les pr\u00e9sentes Conditions. Si vous n'\u00eates pas d'accord avec une quelconque partie de celles-ci, veuillez ne pas utiliser notre site web ni nos services.\n\n<\/div>\n<\/div>\n<\/div>\n<\/div>[\/et_pb_text][et_pb_text _builder_version=&#8221;4.27.4&#8243; _module_preset=&#8221;default&#8221; text_font=&#8221;Albert Sans||||||||&#8221; text_text_color=&#8221;#000000&#8243; text_font_size=&#8221;18px&#8221; global_colors_info=&#8221;{}&#8221;]<div class=\"page\" title=\"Page 3\">\n<div class=\"section\">\n<div class=\"layoutArea\">\n<div class=\"column\">\n<p>3. Propri\u00e9t\u00e9 intellectuelle<\/p>\n<\/div>\n<\/div>\n<\/div>\n<\/div>[\/et_pb_text][et_pb_text _builder_version=&#8221;4.27.4&#8243; _module_preset=&#8221;default&#8221; text_font=&#8221;||||||||&#8221; text_text_color=&#8221;#000000&#8243; text_font_size=&#8221;15px&#8221; global_colors_info=&#8221;{}&#8221;]<div class=\"page\" title=\"Page 3\">\n<div class=\"section\">\n<div class=\"layoutArea\">\n<div class=\"column\">\n<p>L'ensemble du contenu de ce site web (textes, images, vid\u00e9os, logos, jeux, etc.) est la propri\u00e9t\u00e9 exclusive de Studio PixelPocket ou de ses partenaires et est prot\u00e9g\u00e9 par les lois sur la propri\u00e9t\u00e9 intellectuelle. Toute reproduction, distribution, modification ou utilisation sans autorisation expresse est strictement interdite.<\/p>\n<\/div>\n<\/div>\n<\/div>\n<\/div>[\/et_pb_text][et_pb_text _builder_version=&#8221;4.27.4&#8243; _module_preset=&#8221;default&#8221; text_font=&#8221;Albert Sans||||||||&#8221; text_text_color=&#8221;#000000&#8243; text_font_size=&#8221;18px&#8221; global_colors_info=&#8221;{}&#8221;]<div class=\"page\" title=\"7. Contactez-nous\">\n<div class=\"section\">\n<div class=\"layoutArea\">\n<div class=\"column\">\n<p>4. Utilisation du site Web et des services<\/p>\n<\/div>\n<\/div>\n<\/div>\n<\/div>[\/et_pb_text][et_pb_text _builder_version=&#8221;4.27.4&#8243; _module_preset=&#8221;default&#8221; text_font=&#8221;||||||||&#8221; text_text_color=&#8221;#000000&#8243; text_font_size=&#8221;15px&#8221; global_colors_info=&#8221;{}&#8221;]<div class=\"page\" title=\"7. Contactez-nous\">\n<div class=\"section\">\n<div class=\"layoutArea\">\n<div class=\"column\">\n<p>Vous vous engagez \u00e0 utiliser notre site web de mani\u00e8re l\u00e9gale et respectueuse. Vous ne devez pas :<\/p>\n<p>\u2022 Tenter d'acc\u00e9der sans autorisation \u00e0 nos syst\u00e8mes ou \u00e0 nos donn\u00e9es.<br \/>\u2022 Copier, distribuer ou modifier tout contenu sans autorisation.<br \/>\u2022 Utiliser notre site \u00e0 des fins frauduleuses, nuisibles ou ill\u00e9gales.<\/p>\n<\/div>\n<\/div>\n<\/div>\n<\/div>[\/et_pb_text][et_pb_text _builder_version=&#8221;4.27.4&#8243; _module_preset=&#8221;default&#8221; text_font=&#8221;Albert Sans||||||||&#8221; text_text_color=&#8221;#000000&#8243; text_font_size=&#8221;18px&#8221; hover_enabled=&#8221;0&#8243; global_colors_info=&#8221;{}&#8221; sticky_enabled=&#8221;0&#8243;]<div class=\"page\" title=\"7. Contactez-nous\">\n<div class=\"section\">\n<div class=\"layoutArea\">\n<div class=\"column\">\n<div class=\"page\" title=\"7. Contactez-nous\">\n<div class=\"section\">\n<div class=\"layoutArea\">\n<div class=\"column\">\n<p>5. Services d'outsourcing<\/p>\n<\/div>\n<\/div>\n<\/div>\n<\/div>\n<\/div>\n<\/div>\n<\/div>\n<\/div>[\/et_pb_text][et_pb_text _builder_version=&#8221;4.27.4&#8243; _module_preset=&#8221;default&#8221; text_font=&#8221;||||||||&#8221; text_text_color=&#8221;#000000&#8243; text_font_size=&#8221;15px&#8221; global_colors_info=&#8221;{}&#8221;]<div class=\"page\" title=\"7. Contactez-nous\">\n<div class=\"section\">\n<div class=\"layoutArea\">\n<div class=\"column\">\n<div class=\"page\" title=\"7. Contactez-nous\">\n<div class=\"section\">\n<div class=\"layoutArea\">\n<div class=\"column\">\n<p>Nos services d'outsourcing font l'objet d'accords distincts. Les conditions sp\u00e9cifiques, les tarifs, les d\u00e9lais et les droits de propri\u00e9t\u00e9 sont d\u00e9finis dans des contrats individuels avec chaque client.<\/p>\n<\/div>\n<\/div>\n<\/div>\n<\/div>\n<\/div>\n<\/div>\n<\/div>\n<\/div>[\/et_pb_text][et_pb_text _builder_version=&#8221;4.27.4&#8243; _module_preset=&#8221;default&#8221; text_font=&#8221;Albert Sans||||||||&#8221; text_text_color=&#8221;#000000&#8243; text_font_size=&#8221;18px&#8221; hover_enabled=&#8221;0&#8243; global_colors_info=&#8221;{}&#8221; sticky_enabled=&#8221;0&#8243;]<div class=\"page\" title=\"7. Contactez-nous\">\n<div class=\"section\">\n<div class=\"layoutArea\">\n<div class=\"column\">\n<div class=\"page\" title=\"7. Contactez-nous\">\n<div class=\"section\">\n<div class=\"layoutArea\">\n<div class=\"column\">\n<div class=\"page\" title=\"7. Contactez-nous\">\n<div class=\"section\">\n<div class=\"layoutArea\">\n<div class=\"column\">\n<p>6. Jeux mobiles<\/p>\n<\/div>\n<\/div>\n<\/div>\n<\/div>\n<\/div>\n<\/div>\n<\/div>\n<\/div>\n<\/div>\n<\/div>\n<\/div>\n<\/div>[\/et_pb_text][et_pb_text _builder_version=&#8221;4.27.4&#8243; _module_preset=&#8221;default&#8221; text_font=&#8221;||||||||&#8221; text_text_color=&#8221;#000000&#8243; text_font_size=&#8221;15px&#8221; global_colors_info=&#8221;{}&#8221;]<div class=\"page\" title=\"7. Contactez-nous\">\n<div class=\"section\">\n<div class=\"layoutArea\">\n<div class=\"column\">\n<div class=\"page\" title=\"7. Contactez-nous\">\n<div class=\"section\">\n<div class=\"layoutArea\">\n<div class=\"column\">\n<div class=\"page\" title=\"7. Contactez-nous\">\n<div class=\"section\">\n<div class=\"layoutArea\">\n<div class=\"column\">\n<p>Nos jeux mobiles sont soumis \u00e0 des conditions d'utilisation suppl\u00e9mentaires disponibles sur les plateformes d'applications (App Store, Google Play, etc.). En t\u00e9l\u00e9chargeant ou en utilisant nos jeux, vous acceptez \u00e9galement ces conditions.<\/p>\n<\/div>\n<\/div>\n<\/div>\n<\/div>\n<\/div>\n<\/div>\n<\/div>\n<\/div>\n<\/div>\n<\/div>\n<\/div>\n<\/div>[\/et_pb_text][et_pb_text _builder_version=&#8221;4.27.4&#8243; _module_preset=&#8221;default&#8221; text_font=&#8221;Albert Sans||||||||&#8221; text_text_color=&#8221;#000000&#8243; text_font_size=&#8221;18px&#8221; global_colors_info=&#8221;{}&#8221;]<div class=\"page\" title=\"7. Contactez-nous\">\n<div class=\"section\">\n<div class=\"layoutArea\">\n<div class=\"column\">\n<div class=\"page\" title=\"7. Contactez-nous\">\n<div class=\"section\">\n<div class=\"layoutArea\">\n<div class=\"column\">\n<div class=\"page\" title=\"7. Contactez-nous\">\n<div class=\"section\">\n<div class=\"layoutArea\">\n<div class=\"column\">\n<div class=\"page\" title=\"7. Contactez-nous\">\n<div class=\"section\">\n<div class=\"layoutArea\">\n<div class=\"column\">\n<p>7. Limitation de responsabilit\u00e9<\/p>\n<\/div>\n<\/div>\n<\/div>\n<\/div>\n<\/div>\n<\/div>\n<\/div>\n<\/div>\n<\/div>\n<\/div>\n<\/div>\n<\/div>\n<\/div>\n<\/div>\n<\/div>\n<\/div>[\/et_pb_text][et_pb_text _builder_version=&#8221;4.27.4&#8243; _module_preset=&#8221;default&#8221; text_font=&#8221;||||||||&#8221; text_text_color=&#8221;#000000&#8243; text_font_size=&#8221;15px&#8221; global_colors_info=&#8221;{}&#8221;]<p>Studio PixelPocket ne saurait \u00eatre tenu responsable des dommages directs ou indirects r\u00e9sultant de l'utilisation de ce site web ou de nos services. Nous ne garantissons pas que le site web sera exempt d'erreurs, de virus ou d'interruptions.<\/p>[\/et_pb_text][et_pb_text _builder_version=&#8221;4.27.4&#8243; _module_preset=&#8221;default&#8221; text_font=&#8221;Albert Sans||||||||&#8221; text_text_color=&#8221;#000000&#8243; text_font_size=&#8221;18px&#8221; global_colors_info=&#8221;{}&#8221;]<div class=\"page\" title=\"7. Contactez-nous\">\n<div class=\"section\">\n<div class=\"layoutArea\">\n<div class=\"column\">\n<div class=\"page\" title=\"7. Contactez-nous\">\n<div class=\"section\">\n<div class=\"layoutArea\">\n<div class=\"column\">\n<div class=\"page\" title=\"7. Contactez-nous\">\n<div class=\"section\">\n<div class=\"layoutArea\">\n<div class=\"column\">\n<div class=\"page\" title=\"7. Contactez-nous\">\n<div class=\"section\">\n<div class=\"layoutArea\">\n<div class=\"column\">\n<p>8. Modifications des conditions<\/p>\n<\/div>\n<\/div>\n<\/div>\n<\/div>\n<\/div>\n<\/div>\n<\/div>\n<\/div>\n<\/div>\n<\/div>\n<\/div>\n<\/div>\n<\/div>\n<\/div>\n<\/div>\n<\/div>[\/et_pb_text][et_pb_text _builder_version=&#8221;4.27.4&#8243; _module_preset=&#8221;default&#8221; text_font=&#8221;||||||||&#8221; text_text_color=&#8221;#000000&#8243; text_font_size=&#8221;15px&#8221; global_colors_info=&#8221;{}&#8221;]<p>Nous nous r\u00e9servons le droit de mettre \u00e0 jour les pr\u00e9sentes Conditions \u00e0 tout moment. Les modifications seront publi\u00e9es sur cette page et entreront en vigueur imm\u00e9diatement. Il vous appartient de les consulter r\u00e9guli\u00e8rement.<\/p>[\/et_pb_text][et_pb_text _builder_version=&#8221;4.27.4&#8243; _module_preset=&#8221;default&#8221; text_font=&#8221;Albert Sans||||||||&#8221; text_text_color=&#8221;#000000&#8243; text_font_size=&#8221;18px&#8221; global_colors_info=&#8221;{}&#8221;]<div class=\"page\" title=\"7. Contactez-nous\">\n<div class=\"section\">\n<div class=\"layoutArea\">\n<div class=\"column\">\n<div class=\"page\" title=\"7. Contactez-nous\">\n<div class=\"section\">\n<div class=\"layoutArea\">\n<div class=\"column\">\n<div class=\"page\" title=\"7. Contactez-nous\">\n<div class=\"section\">\n<div class=\"layoutArea\">\n<div class=\"column\">\n<div class=\"page\" title=\"7. Contactez-nous\">\n<div class=\"section\">\n<div class=\"layoutArea\">\n<div class=\"column\">\n<p>9. Loi applicable<\/p>\n<\/div>\n<\/div>\n<\/div>\n<\/div>\n<\/div>\n<\/div>\n<\/div>\n<\/div>\n<\/div>\n<\/div>\n<\/div>\n<\/div>\n<\/div>\n<\/div>\n<\/div>\n<\/div>[\/et_pb_text][et_pb_text _builder_version=&#8221;4.27.4&#8243; _module_preset=&#8221;default&#8221; text_font=&#8221;||||||||&#8221; text_text_color=&#8221;#000000&#8243; text_font_size=&#8221;15px&#8221; global_colors_info=&#8221;{}&#8221;]<p>Les pr\u00e9sentes Conditions sont r\u00e9gies par les lois du Qu\u00e9bec, au Canada. Tout litige sera soumis \u00e0 la comp\u00e9tence exclusive des tribunaux du Qu\u00e9bec.<\/p>[\/et_pb_text][et_pb_text _builder_version=&#8221;4.27.4&#8243; _module_preset=&#8221;default&#8221; text_font=&#8221;Albert Sans||||||||&#8221; text_text_color=&#8221;#000000&#8243; text_font_size=&#8221;18px&#8221; hover_enabled=&#8221;0&#8243; global_colors_info=&#8221;{}&#8221; sticky_enabled=&#8221;0&#8243;]<div class=\"page\" title=\"7. Contactez-nous\">\n<div class=\"section\">\n<div class=\"layoutArea\">\n<div class=\"column\">\n<div class=\"page\" title=\"7. Contactez-nous\">\n<div class=\"section\">\n<div class=\"layoutArea\">\n<div class=\"column\">\n<div class=\"page\" title=\"7. Contactez-nous\">\n<div class=\"section\">\n<div class=\"layoutArea\">\n<div class=\"column\">\n<div class=\"page\" title=\"7. Contactez-nous\">\n<div class=\"section\">\n<div class=\"layoutArea\">\n<div class=\"column\">\n<p>10. Contact<\/p>\n<\/div>\n<\/div>\n<\/div>\n<\/div>\n<\/div>\n<\/div>\n<\/div>\n<\/div>\n<\/div>\n<\/div>\n<\/div>\n<\/div>\n<\/div>\n<\/div>\n<\/div>\n<\/div>[\/et_pb_text][et_pb_text _builder_version=&#8221;4.27.4&#8243; _module_preset=&#8221;default&#8221; text_font=&#8221;||||||||&#8221; text_text_color=&#8221;#000000&#8243; text_font_size=&#8221;15px&#8221; global_colors_info=&#8221;{}&#8221;]<p><span><strong>Comment supprimer vos donn\u00e9es<\/strong><br \/>Pour supprimer vos donn\u00e9es utilisateur, allez dans le menu <strong>Param\u00e8tres<\/strong> du jeu et s\u00e9lectionnez <strong>\u00ab Supprimer les donn\u00e9es \u00bb.<\/strong> Cela effacera toute la progression enregistr\u00e9e et les informations de compte. <\/span><\/p>[\/et_pb_text][et_pb_text _builder_version=&#8221;4.27.4&#8243; _module_preset=&#8221;default&#8221; text_font=&#8221;||||||||&#8221; text_text_color=&#8221;#000000&#8243; text_font_size=&#8221;15px&#8221; global_colors_info=&#8221;{}&#8221;]<p>Pour toute question concernant ces conditions, veuillez nous contacter \u00e0 :<br \/><span style=\"color: #0000ff;\"><a href=\"mailto:info@pixelpocketstudio.com\" style=\"color: #0000ff;\">info@pixelpocketstudio.com<\/a><\/span><\/p>[\/et_pb_text][\/et_pb_column][\/et_pb_row][\/et_pb_section]","protected":false},"excerpt":{"rendered":"<p>Terms of service Last updated: 2024-04-01 Welcome to the official website of Studio PixelPocket. By accessing or using our website, mobile games, or outsourcing services, you agree to be bound by the following Terms of Service. Please read them carefully. 1. About Studio PixelPocket Studio PixelPocket is a company specializing in the development of mobile [&hellip;]<\/p>","protected":false},"author":2,"featured_media":0,"parent":0,"menu_order":0,"comment_status":"closed","ping_status":"closed","template":"","meta":{"_et_pb_use_builder":"on","_et_pb_old_content":"","_et_gb_content_width":"","footnotes":""},"class_list":["post-1066","page","type-page","status-publish","hentry"],"_links":{"self":[{"href":"https:\/\/pixelpocketstudio.com\/fr\/wp-json\/wp\/v2\/pages\/1066","targetHints":{"allow":["GET"]}}],"collection":[{"href":"https:\/\/pixelpocketstudio.com\/fr\/wp-json\/wp\/v2\/pages"}],"about":[{"href":"https:\/\/pixelpocketstudio.com\/fr\/wp-json\/wp\/v2\/types\/page"}],"author":[{"embeddable":true,"href":"https:\/\/pixelpocketstudio.com\/fr\/wp-json\/wp\/v2\/users\/2"}],"replies":[{"embeddable":true,"href":"https:\/\/pixelpocketstudio.com\/fr\/wp-json\/wp\/v2\/comments?post=1066"}],"version-history":[{"count":18,"href":"https:\/\/pixelpocketstudio.com\/fr\/wp-json\/wp\/v2\/pages\/1066\/revisions"}],"predecessor-version":[{"id":1170,"href":"https:\/\/pixelpocketstudio.com\/fr\/wp-json\/wp\/v2\/pages\/1066\/revisions\/1170"}],"wp:attachment":[{"href":"https:\/\/pixelpocketstudio.com\/fr\/wp-json\/wp\/v2\/media?parent=1066"}],"curies":[{"name":"wp","href":"https:\/\/api.w.org\/{rel}","templated":true}]}}